{"id":314,"date":"2024-08-14T14:25:13","date_gmt":"2024-08-14T12:25:13","guid":{"rendered":"https:\/\/dev.paintballpark.fr\/?page_id=314"},"modified":"2026-04-14T11:09:20","modified_gmt":"2026-04-14T09:09:20","slug":"38-grenoble-meylan","status":"publish","type":"page","link":"https:\/\/www.paintballpark.fr\/?page_id=314","title":{"rendered":"38 \u2013 Grenoble \u2013 Meylan"},"content":{"rendered":"<p>[et_pb_section fb_built=\u00a0\u00bb1&Prime; _builder_version=\u00a0\u00bb4.27.0&Prime; _module_preset=\u00a0\u00bbdefault\u00a0\u00bb background_image=\u00a0\u00bbhttps:\/\/dev.paintballpark.fr\/wp-content\/uploads\/2024\/08\/2018-07-07-09.47.22-1-scaled.jpg\u00a0\u00bb height_tablet=\u00a0\u00bb702px\u00a0\u00bb height_last_edited=\u00a0\u00bboff|phone\u00a0\u00bb max_height_tablet=\u00a0\u00bb702px\u00a0\u00bb max_height_phone=\u00a0\u00bb702px\u00a0\u00bb max_height_last_edited=\u00a0\u00bbon|desktop\u00a0\u00bb locked=\u00a0\u00bboff\u00a0\u00bb global_colors_info=\u00a0\u00bb{}\u00a0\u00bb][et_pb_row _builder_version=\u00a0\u00bb4.27.0&Prime; _module_preset=\u00a0\u00bbdefault\u00a0\u00bb background_color=\u00a0\u00bbrgba(255,255,255,0.88)\u00a0\u00bb module_alignment=\u00a0\u00bbcenter\u00a0\u00bb global_colors_info=\u00a0\u00bb{}\u00a0\u00bb][et_pb_column type=\u00a0\u00bb4_4&Prime; _builder_version=\u00a0\u00bb4.27.0&Prime; _module_preset=\u00a0\u00bbdefault\u00a0\u00bb global_colors_info=\u00a0\u00bb{}\u00a0\u00bb][et_pb_text _builder_version=\u00a0\u00bb4.27.0&Prime; _module_preset=\u00a0\u00bbdefault\u00a0\u00bb text_font=\u00a0\u00bb|800|||||||\u00a0\u00bb text_text_color=\u00a0\u00bb#242424&Prime; text_letter_spacing=\u00a0\u00bb3px\u00a0\u00bb header_font_size=\u00a0\u00bb42px\u00a0\u00bb custom_margin=\u00a0\u00bb|||50px|false|false\u00a0\u00bb custom_padding=\u00a0\u00bb0px||0px|15px|false|false\u00a0\u00bb text_font_size_tablet=\u00a0\u00bb\u00a0\u00bb text_font_size_phone=\u00a0\u00bb14px\u00a0\u00bb text_font_size_last_edited=\u00a0\u00bbon|phone\u00a0\u00bb text_line_height_tablet=\u00a0\u00bb\u00a0\u00bb text_line_height_phone=\u00a0\u00bb1.3em\u00a0\u00bb text_line_height_last_edited=\u00a0\u00bbon|phone\u00a0\u00bb border_width_left=\u00a0\u00bb26px\u00a0\u00bb border_color_left=\u00a0\u00bb#f6d200&Prime; locked=\u00a0\u00bboff\u00a0\u00bb inline_fonts=\u00a0\u00bbAbel\u00a0\u00bb global_colors_info=\u00a0\u00bb{}\u00a0\u00bb]<\/p>\n<p><span style=\"font-size: xx-large;\">38 &#8211; Grenoble &#8211; Meylan<\/span><\/p>\n<p>[\/et_pb_text][\/et_pb_column][\/et_pb_row][\/et_pb_section][et_pb_section fb_built=\u00a0\u00bb1&Prime; _builder_version=\u00a0\u00bb4.27.0&Prime; _module_preset=\u00a0\u00bbdefault\u00a0\u00bb global_colors_info=\u00a0\u00bb{}\u00a0\u00bb][et_pb_row _builder_version=\u00a0\u00bb4.27.0&Prime; _module_preset=\u00a0\u00bbdefault\u00a0\u00bb global_colors_info=\u00a0\u00bb{}\u00a0\u00bb][et_pb_column type=\u00a0\u00bb4_4&Prime; _builder_version=\u00a0\u00bb4.27.0&Prime; _module_preset=\u00a0\u00bbdefault\u00a0\u00bb global_colors_info=\u00a0\u00bb{}\u00a0\u00bb][et_pb_text _builder_version=\u00a0\u00bb4.27.0&Prime; _module_preset=\u00a0\u00bbdefault\u00a0\u00bb global_colors_info=\u00a0\u00bb{}\u00a0\u00bb]<\/p>\n<p>Le<span>\u00a0<\/span><strong>Paintball PARK<span>\u00a0<\/span><\/strong>de<span>\u00a0<\/span><strong>Grenoble \u2013 Meylan<span>\u00a0<\/span><\/strong>(38 \u2013 Is\u00e8re) est compos\u00e9 d\u2019une for\u00eat am\u00e9nag\u00e9e pour la pratique du Paintball en toute s\u00e9curit\u00e9.<\/p>\n<p>Infos : Terrains sp\u00e9cialement am\u00e9nag\u00e9s<span>\u00a0<\/span><strong>Wood PARK<\/strong><span>\u00a0<\/span>\u2013 Infrastructure variable suivant les terrains \u2013<span>\u00a0<\/span><strong>Moniteurs<\/strong><span>\u00a0<\/span>Paintball PARK \u2013 Equipements complet sur place \u2013 Team Building \u2013 Tournoi Loisirs \u2013 Carte d\u2019abonnement<\/p>\n<p>[\/et_pb_text][\/et_pb_column][\/et_pb_row][et_pb_row _builder_version=\u00a0\u00bb4.27.0&Prime; _module_preset=\u00a0\u00bbdefault\u00a0\u00bb global_colors_info=\u00a0\u00bb{}\u00a0\u00bb][et_pb_column type=\u00a0\u00bb4_4&Prime; _builder_version=\u00a0\u00bb4.27.0&Prime; _module_preset=\u00a0\u00bbdefault\u00a0\u00bb global_colors_info=\u00a0\u00bb{}\u00a0\u00bb][et_pb_text _builder_version=\u00a0\u00bb4.27.0&Prime; _module_preset=\u00a0\u00bbdefault\u00a0\u00bb global_colors_info=\u00a0\u00bb{}\u00a0\u00bb]<\/p>\n<p><span>Nombre de terrains :\u00a0<\/span><strong>3<\/strong><br \/><span>Ouverture :<\/span><strong><span>\u00a0<\/span>7j\/7<\/strong><span>\u00a0sur r\u00e9servation<\/span><br \/><span>Acc\u00e8s :<\/span><strong><span>\u00a0<\/span>Locations<\/strong><br \/><span>Billes :<\/span><strong><span>\u00a0<\/span>Impos\u00e9es sur site<\/strong><span>\u00a0<\/span><br \/><span>Sp\u00e9cial :\u00a0<\/span><strong>Sc\u00e9narios sp\u00e9cifiques<\/strong><\/p>\n<ul>\n<li style=\"text-align: left;\">\n<h4><span style=\"color: #0047fc;\"><strong>LASER GAMES<\/strong><\/span> \u00e0 partir de 6 ans<\/h4>\n<\/li>\n<\/ul>\n<h1><span style=\"color: #ffe100;\"><strong>Paintball<\/strong><\/span><\/h1>\n<ul>\n<li style=\"text-align: left;\"><span style=\"font-size: large;\"><strong>KIDS<\/strong> : +9 ans<strong><\/strong><\/span><\/li>\n<li style=\"text-align: left;\"><span style=\"font-size: large;\"><strong>JUNIOR<\/strong> : +12 ans<\/span><\/li>\n<li style=\"text-align: left;\"><span style=\"font-size: large;\"><strong>ADULTE<\/strong>\u00a0: +15 ans<\/span><\/li>\n<\/ul>\n<p><strong><\/strong><\/p>\n<p>[\/et_pb_text][et_pb_tabs _builder_version=\u00a0\u00bb4.27.4&Prime; _module_preset=\u00a0\u00bbdefault\u00a0\u00bb global_colors_info=\u00a0\u00bb{}\u00a0\u00bb][et_pb_tab title=\u00a0\u00bbForfait Groupe\u00a0\u00bb _builder_version=\u00a0\u00bb4.27.0&Prime; _module_preset=\u00a0\u00bbdefault\u00a0\u00bb global_colors_info=\u00a0\u00bb{}\u00a0\u00bb]<\/p>\n<p>(entre amis, anniversaires, enterrement de vie de gar\u00e7on, \u2026)<\/p>\n<p>Tous les jours sur r\u00e9servation, \u00e0 partir de 6 personnes. Le groupe est pris en charge par un moniteur Paintball PARK tout au long de la s\u00e9ance. Dur\u00e9e de la s\u00e9ance suivant le forfait choisi.<strong><span>\u00a0<\/span><\/strong>Chez Paintball PARK, le futur mari\u00e9 n\u2019est pas un lapin, c\u2019est un super h\u00e9ros\u2026<\/p>\n<p>&nbsp;<\/p>\n<ul>\n<li><strong>Forfait M 120 billes \u2013 25\u20ac \/ pers <\/strong><em>\u00e0 partir de 8 personnes<\/em> <span style=\"color: #e02b20;\">(Kids et junior uniquement)<\/span> <span style=\"color: #e09900;\">(1h)<\/span><\/li>\n<li><strong style=\"font-size: 14px;\">Forfait L 240 billes \u2013 39\u20ac \/ pers<\/strong><span style=\"font-size: 14px;\">\u00a0<\/span><span style=\"font-size: 14px;\"><em>de 6 \u00e0 11 personnes<\/em> \u2013 <strong>300 billes<\/strong><em> pour 12 personnes et +<\/em> <span style=\"color: #e09900;\">(1h30)<\/span><\/span><\/li>\n<li><strong>Forfait XL 400 billes \u2013 45\u20ac \/ pers <\/strong><em>\u00e0 partir de 6 personnes<\/em> <span style=\"color: #e09900;\">(2h)<\/span><\/li>\n<li><strong>Forfait XXL 700 billes &#8211; 59\u20ac \/ pers <\/strong><em style=\"font-size: 14px;\">\u00e0 partir de 6 personnes <\/em><span style=\"font-size: 14px; color: #e09900;\">(3h)<\/span><\/li>\n<\/ul>\n<p>[\/et_pb_tab][et_pb_tab title=\u00a0\u00bbForfait CE\u00a0\u00bb _builder_version=\u00a0\u00bb4.27.0&Prime; _module_preset=\u00a0\u00bbdefault\u00a0\u00bb global_colors_info=\u00a0\u00bb{}\u00a0\u00bb]Vous \u00eates un<span>\u00a0<\/span><strong>Comit\u00e9 d\u2019Entreprise<\/strong>, vous envisagez d\u2019organiser une ou plusieurs s\u00e9ances de Paintball avec vos collaborateurs ? Nous vous proposons des tarifs pr\u00e9f\u00e9rentiels !<\/p>\n<p>Valable tous les jours de la semaine (sauf le samedi) \u00e0 partir de 10 personnnes. Pour plus d\u2019informations veuillez remplir ce formulaire sp\u00e9cial CE.<\/p>\n<p>De nombreuses entreprises ont d\u00e9j\u00e0 fait appel \u00e0 nos services:<span>\u00a0<\/span><em>Decathlon, Dell, Gefco, ESC, Hewlett Packard, Atos Origin, Carrefour, Euromaster, Mac Donald\u2019s, AXA, Go Sport, ST Micro, Caterpillar, France Telecom, Surcouf, Pizza Hut\u2026<\/em>[\/et_pb_tab][et_pb_tab title=\u00a0\u00bbForfait Etudiant\u00a0\u00bb _builder_version=\u00a0\u00bb4.27.0&Prime; _module_preset=\u00a0\u00bbdefault\u00a0\u00bb global_colors_info=\u00a0\u00bb{}\u00a0\u00bb]<\/p>\n<p><span>Forfait Etudiants, \u00e0 partir de 12 personnes du Lundi au Vendredi inclus et sur pr\u00e9sentation de votre carte \u00e9tudiante.<\/span><\/p>\n<p>[\/et_pb_tab][et_pb_tab title=\u00a0\u00bbEv\u00e8nementiel\u00a0\u00bb _builder_version=\u00a0\u00bb4.27.0&Prime; _module_preset=\u00a0\u00bbdefault\u00a0\u00bb global_colors_info=\u00a0\u00bb{}\u00a0\u00bb]<span>Vous organisez un \u00e9v\u00e8nement particulier ? Nous avons des forfaits sp\u00e9cialement pr\u00e9vu pour vous !<\/span><\/p>\n<p><span>Passez directement par la page \u00a0<a href=\"https:\/\/dev.paintballpark.fr\/?page_id=18\">Contact<\/a>\u00a0<\/span><\/p>\n<p><span>Ces formules et tarifs sont indiqu\u00e9s ici \u00e0 titre informatif. N\u2019oubliez pas de demander confirmation sur les forfaits disponibles en prenant contact avec le Paintball PARK le plus proche de chez vous\u2026<\/span>[\/et_pb_tab][et_pb_tab title=\u00a0\u00bbLaser game\u00a0\u00bb _builder_version=\u00a0\u00bb4.27.0&Prime; _module_preset=\u00a0\u00bbdefault\u00a0\u00bb global_colors_info=\u00a0\u00bb{}\u00a0\u00bb]<\/p>\n<p>(entre amis, anniversaires&#8230;.)<span><\/span><\/p>\n<p><span>Tous les jours sur r\u00e9servation, \u00e0 partir de 6 personnes. Le groupe est pris en charge par un moniteur Paintball PARK tout au long de la s\u00e9ance. Dur\u00e9e de la s\u00e9ance suivant le forfait choisi.<\/span><\/p>\n<p>Paintball Park Meylan vous accueil \u00e0 partir de 6 ans pour des parties de Laser Games exterieur.<\/p>\n<p>&nbsp;<\/p>\n<ul>\n<li><strong>Forfait 15min \u2013 10\u20ac \/ pers <\/strong><em>\u00e0 partir de 6 personnes<\/em><\/li>\n<li><strong style=\"font-size: 14px;\">Forfait 15min (x3) \u2013 25\u20ac \/ pers <\/strong><em style=\"font-size: 14px;\">\u00e0 partir de 6 personnes<\/em><\/li>\n<\/ul>\n<p>[\/et_pb_tab][\/et_pb_tabs][\/et_pb_column][\/et_pb_row][et_pb_row _builder_version=\u00a0\u00bb4.27.0&Prime; _module_preset=\u00a0\u00bbdefault\u00a0\u00bb global_colors_info=\u00a0\u00bb{}\u00a0\u00bb][et_pb_column type=\u00a0\u00bb4_4&Prime; _builder_version=\u00a0\u00bb4.27.0&Prime; _module_preset=\u00a0\u00bbdefault\u00a0\u00bb global_colors_info=\u00a0\u00bb{}\u00a0\u00bb][et_pb_text _builder_version=\u00a0\u00bb4.27.6&Prime; _module_preset=\u00a0\u00bbdefault\u00a0\u00bb global_colors_info=\u00a0\u00bb{}\u00a0\u00bb]<\/p>\n<p><span>Caract\u00e9ristiques du site : ext\u00e9rieur, bois\u00e9, palette, parking, abri-couvert, air 4500 psi<\/span><\/p>\n<p>[\/et_pb_text][\/et_pb_column][\/et_pb_row][et_pb_row _builder_version=\u00a0\u00bb4.27.0&Prime; _module_preset=\u00a0\u00bbdefault\u00a0\u00bb global_colors_info=\u00a0\u00bb{}\u00a0\u00bb][et_pb_column type=\u00a0\u00bb4_4&Prime; _builder_version=\u00a0\u00bb4.27.0&Prime; _module_preset=\u00a0\u00bbdefault\u00a0\u00bb global_colors_info=\u00a0\u00bb{}\u00a0\u00bb][et_pb_text _builder_version=\u00a0\u00bb4.27.0&Prime; _module_preset=\u00a0\u00bbdefault\u00a0\u00bb global_colors_info=\u00a0\u00bb{}\u00a0\u00bb]<\/p>\n<h4>Contact<\/h4>\n<p>Informations et r\u00e9servations :<br \/>Tel :<span>\u00a0<\/span><strong>06 24 09 62 29<\/strong><\/p>\n<p>[\/et_pb_text][\/et_pb_column][\/et_pb_row][et_pb_row _builder_version=\u00a0\u00bb4.27.0&Prime; _module_preset=\u00a0\u00bbdefault\u00a0\u00bb global_colors_info=\u00a0\u00bb{}\u00a0\u00bb][et_pb_column type=\u00a0\u00bb4_4&Prime; _builder_version=\u00a0\u00bb4.27.0&Prime; _module_preset=\u00a0\u00bbdefault\u00a0\u00bb global_colors_info=\u00a0\u00bb{}\u00a0\u00bb][et_pb_text _builder_version=\u00a0\u00bb4.27.0&Prime; _module_preset=\u00a0\u00bbdefault\u00a0\u00bb global_colors_info=\u00a0\u00bb{}\u00a0\u00bb]<\/p>\n<p><span>Pour les r\u00e9servations, merci d\u2019envoyer votre ch\u00e8que de caution \u00e0 :<\/span><em><br \/>PaintballPARK<\/em><br \/><em>28 rue Barnave<br \/>38400 Saint Martin d\u2019H\u00e8res<\/em><\/p>\n<p>[\/et_pb_text][\/et_pb_column][\/et_pb_row][\/et_pb_section][et_pb_section fb_built=\u00a0\u00bb1&Prime; _builder_version=\u00a0\u00bb4.27.0&Prime; _module_preset=\u00a0\u00bbdefault\u00a0\u00bb width=\u00a0\u00bb0%\u00a0\u00bb custom_css_free_form=\u00a0\u00bbselector{||  height:0px;||}\u00a0\u00bb locked=\u00a0\u00bboff\u00a0\u00bb global_colors_info=\u00a0\u00bb{}\u00a0\u00bb][et_pb_row _builder_version=\u00a0\u00bb4.27.0&Prime; _module_preset=\u00a0\u00bbdefault\u00a0\u00bb global_colors_info=\u00a0\u00bb{}\u00a0\u00bb][et_pb_column type=\u00a0\u00bb4_4&Prime; _builder_version=\u00a0\u00bb4.27.0&Prime; _module_preset=\u00a0\u00bbdefault\u00a0\u00bb global_colors_info=\u00a0\u00bb{}\u00a0\u00bb][et_pb_button button_url=\u00a0\u00bbhttps:\/\/dev.paintballpark.fr\/?page_id=234&Prime; button_text=\u00a0\u00bbR\u00e9server votre partie\u00a0\u00bb button_alignment=\u00a0\u00bbcenter\u00a0\u00bb _builder_version=\u00a0\u00bb4.27.0&Prime; _module_preset=\u00a0\u00bbdefault\u00a0\u00bb custom_button=\u00a0\u00bbon\u00a0\u00bb button_text_size=\u00a0\u00bb15px\u00a0\u00bb button_text_color=\u00a0\u00bb#000000&Prime; button_bg_color=\u00a0\u00bb#f6d200&Prime; button_border_radius=\u00a0\u00bb52px\u00a0\u00bb button_letter_spacing=\u00a0\u00bb0px\u00a0\u00bb button_font=\u00a0\u00bb|700|||||||\u00a0\u00bb button_icon=\u00a0\u00bb&#x45;||divi||400&Prime; button_icon_color=\u00a0\u00bb#FFFFFF\u00a0\u00bb custom_margin=\u00a0\u00bb0px||0px||false|false\u00a0\u00bb custom_padding=\u00a0\u00bb16px|32px|16px|32px|true|true\u00a0\u00bb button_text_size_tablet=\u00a0\u00bb15px\u00a0\u00bb button_text_size_phone=\u00a0\u00bb14px\u00a0\u00bb button_text_size_last_edited=\u00a0\u00bbon|desktop\u00a0\u00bb custom_css_free_form=\u00a0\u00bbselector {||   position: fixed;||  bottom: 20px; \/* Espace depuis le bas de l&rsquo;\u00e9cran *\/||  right: 20px;  \/* Espace depuis le bord droit de l&rsquo;\u00e9cran *\/||  padding: 10px 20px;||  border-radius: 5px;||  cursor: pointer;||  font-size: 16px;||}\u00a0\u00bb locked=\u00a0\u00bboff\u00a0\u00bb global_colors_info=\u00a0\u00bb{}\u00a0\u00bb button_border_radius__hover=\u00a0\u00bb0px\u00a0\u00bb button_border_radius__hover_enabled=\u00a0\u00bbon|desktop\u00a0\u00bb][\/et_pb_button][\/et_pb_column][\/et_pb_row][\/et_pb_section]<\/p>\n","protected":false},"excerpt":{"rendered":"<p>38 &#8211; Grenoble &#8211; MeylanLe\u00a0Paintball PARK\u00a0de\u00a0Grenoble \u2013 Meylan\u00a0(38 \u2013 Is\u00e8re) est compos\u00e9 d\u2019une for\u00eat am\u00e9nag\u00e9e pour la pratique du Paintball en toute s\u00e9curit\u00e9. Infos : Terrains sp\u00e9cialement am\u00e9nag\u00e9s\u00a0Wood PARK\u00a0\u2013 Infrastructure variable suivant les terrains \u2013\u00a0Moniteurs\u00a0Paintball PARK \u2013 Equipements complet sur place \u2013 Team Building \u2013 Tournoi Loisirs \u2013 Carte d\u2019abonnementNombre de terrains :\u00a03Ouverture :\u00a07j\/7\u00a0sur r\u00e9servationAcc\u00e8s [&hellip;]<\/p>\n","protected":false},"author":1,"featured_media":0,"parent":0,"menu_order":0,"comment_status":"closed","ping_status":"closed","template":"","meta":{"_et_pb_use_builder":"on","_et_pb_old_content":"","_et_gb_content_width":"","footnotes":""},"class_list":["post-314","page","type-page","status-publish","hentry"],"_links":{"self":[{"href":"https:\/\/www.paintballpark.fr\/index.php?rest_route=\/wp\/v2\/pages\/314","targetHints":{"allow":["GET"]}}],"collection":[{"href":"https:\/\/www.paintballpark.fr\/index.php?rest_route=\/wp\/v2\/pages"}],"about":[{"href":"https:\/\/www.paintballpark.fr\/index.php?rest_route=\/wp\/v2\/types\/page"}],"author":[{"embeddable":true,"href":"https:\/\/www.paintballpark.fr\/index.php?rest_route=\/wp\/v2\/users\/1"}],"replies":[{"embeddable":true,"href":"https:\/\/www.paintballpark.fr\/index.php?rest_route=%2Fwp%2Fv2%2Fcomments&post=314"}],"version-history":[{"count":24,"href":"https:\/\/www.paintballpark.fr\/index.php?rest_route=\/wp\/v2\/pages\/314\/revisions"}],"predecessor-version":[{"id":501,"href":"https:\/\/www.paintballpark.fr\/index.php?rest_route=\/wp\/v2\/pages\/314\/revisions\/501"}],"wp:attachment":[{"href":"https:\/\/www.paintballpark.fr\/index.php?rest_route=%2Fwp%2Fv2%2Fmedia&parent=314"}],"curies":[{"name":"wp","href":"https:\/\/api.w.org\/{rel}","templated":true}]}}