{"id":319,"date":"2024-08-14T14:25:49","date_gmt":"2024-08-14T12:25:49","guid":{"rendered":"https:\/\/dev.paintballpark.fr\/?page_id=319"},"modified":"2025-04-17T19:19:32","modified_gmt":"2025-04-17T17:19:32","slug":"38-villard-de-lans","status":"publish","type":"page","link":"https:\/\/www.paintballpark.fr\/?page_id=319","title":{"rendered":"38 \u2013 Villard de Lans"},"content":{"rendered":"<p>[et_pb_section fb_built=\u00a0\u00bb1&Prime; _builder_version=\u00a0\u00bb4.27.0&Prime; _module_preset=\u00a0\u00bbdefault\u00a0\u00bb background_image=\u00a0\u00bbhttps:\/\/dev.paintballpark.fr\/wp-content\/uploads\/2024\/08\/2018-07-07-09.47.22-1-scaled.jpg\u00a0\u00bb height_tablet=\u00a0\u00bb702px\u00a0\u00bb height_last_edited=\u00a0\u00bboff|phone\u00a0\u00bb max_height_tablet=\u00a0\u00bb702px\u00a0\u00bb max_height_phone=\u00a0\u00bb702px\u00a0\u00bb max_height_last_edited=\u00a0\u00bbon|desktop\u00a0\u00bb locked=\u00a0\u00bboff\u00a0\u00bb global_colors_info=\u00a0\u00bb{}\u00a0\u00bb][et_pb_row _builder_version=\u00a0\u00bb4.27.0&Prime; _module_preset=\u00a0\u00bbdefault\u00a0\u00bb background_color=\u00a0\u00bbrgba(255,255,255,0.88)\u00a0\u00bb module_alignment=\u00a0\u00bbcenter\u00a0\u00bb global_colors_info=\u00a0\u00bb{}\u00a0\u00bb][et_pb_column type=\u00a0\u00bb4_4&Prime; _builder_version=\u00a0\u00bb4.27.0&Prime; _module_preset=\u00a0\u00bbdefault\u00a0\u00bb global_colors_info=\u00a0\u00bb{}\u00a0\u00bb][et_pb_text _builder_version=\u00a0\u00bb4.27.0&Prime; _module_preset=\u00a0\u00bbdefault\u00a0\u00bb text_font=\u00a0\u00bb|800|||||||\u00a0\u00bb text_text_color=\u00a0\u00bb#242424&Prime; text_letter_spacing=\u00a0\u00bb3px\u00a0\u00bb header_font_size=\u00a0\u00bb42px\u00a0\u00bb custom_margin=\u00a0\u00bb|||50px|false|false\u00a0\u00bb custom_padding=\u00a0\u00bb0px||0px|15px|false|false\u00a0\u00bb text_font_size_tablet=\u00a0\u00bb\u00a0\u00bb text_font_size_phone=\u00a0\u00bb14px\u00a0\u00bb text_font_size_last_edited=\u00a0\u00bbon|phone\u00a0\u00bb text_line_height_tablet=\u00a0\u00bb\u00a0\u00bb text_line_height_phone=\u00a0\u00bb1.3em\u00a0\u00bb text_line_height_last_edited=\u00a0\u00bbon|phone\u00a0\u00bb border_width_left=\u00a0\u00bb26px\u00a0\u00bb border_color_left=\u00a0\u00bb#f6d200&Prime; locked=\u00a0\u00bboff\u00a0\u00bb inline_fonts=\u00a0\u00bbAbel\u00a0\u00bb global_colors_info=\u00a0\u00bb{}\u00a0\u00bb]<\/p>\n<p><span style=\"font-size: xx-large;\">38 &#8211; Villard de Lans<\/span><\/p>\n<p>[\/et_pb_text][\/et_pb_column][\/et_pb_row][\/et_pb_section][et_pb_section fb_built=\u00a0\u00bb1&Prime; _builder_version=\u00a0\u00bb4.27.0&Prime; _module_preset=\u00a0\u00bbdefault\u00a0\u00bb locked=\u00a0\u00bboff\u00a0\u00bb global_colors_info=\u00a0\u00bb{}\u00a0\u00bb][et_pb_row _builder_version=\u00a0\u00bb4.27.0&Prime; _module_preset=\u00a0\u00bbdefault\u00a0\u00bb global_colors_info=\u00a0\u00bb{}\u00a0\u00bb][et_pb_column type=\u00a0\u00bb4_4&Prime; _builder_version=\u00a0\u00bb4.27.0&Prime; _module_preset=\u00a0\u00bbdefault\u00a0\u00bb global_colors_info=\u00a0\u00bb{}\u00a0\u00bb][et_pb_text _builder_version=\u00a0\u00bb4.27.0&Prime; _module_preset=\u00a0\u00bbdefault\u00a0\u00bb global_colors_info=\u00a0\u00bb{}\u00a0\u00bb]<\/p>\n<p>Le<span>\u00a0<\/span><strong>Paintball PARK<span>\u00a0<\/span><\/strong>de<span>\u00a0<\/span><strong>Villard de Lans<span>\u00a0<\/span><\/strong>(38 \u2013 Is\u00e8re) est compos\u00e9 d\u2019un<span>\u00a0<\/span><strong>Wood PARK<\/strong><span>\u00a0<\/span>\u2013 for\u00eat am\u00e9nag\u00e9e pour la pratique du Paintball en toute s\u00e9curit\u00e9.<\/p>\n<p>Infos : Terrains sp\u00e9cialement am\u00e9nag\u00e9s<span>\u00a0<\/span><strong>Wood PARK<\/strong><span>\u00a0<\/span>\u2013 Infrastructure variable suivant les terrains \u2013<span>\u00a0<\/span><strong>Moniteurs<\/strong><span>\u00a0<\/span>Paintball PARK \u2013 Equipements complet sur place \u2013 Team Building \u2013 Tournoi Loisirs \u2013 Carte d\u2019abonnement<\/p>\n<p>[\/et_pb_text][\/et_pb_column][\/et_pb_row][et_pb_row _builder_version=\u00a0\u00bb4.27.0&Prime; _module_preset=\u00a0\u00bbdefault\u00a0\u00bb global_colors_info=\u00a0\u00bb{}\u00a0\u00bb][et_pb_column type=\u00a0\u00bb4_4&Prime; _builder_version=\u00a0\u00bb4.27.0&Prime; _module_preset=\u00a0\u00bbdefault\u00a0\u00bb global_colors_info=\u00a0\u00bb{}\u00a0\u00bb][et_pb_text _builder_version=\u00a0\u00bb4.27.0&Prime; _module_preset=\u00a0\u00bbdefault\u00a0\u00bb global_colors_info=\u00a0\u00bb{}\u00a0\u00bb]<\/p>\n<p><span>Nombre de terrains :\u00a0<\/span><strong>1<\/strong><span>\u00a0(de 4000m\u00b2)<\/span><br \/><span>Ouverture :<\/span><strong><span>\u00a0<\/span>Juillet-Ao\u00fbt<\/strong><span>\u00a0<\/span><strong>7j\/7<\/strong><span>\u00a0\u2013\u00a0<\/span><strong>Week-end toute l\u2019ann\u00e9e<\/strong><span>\u00a0sur r\u00e9servation<\/span><br \/><span>Acc\u00e8s :\u00a0<\/span><strong>Joueurs \u00e9quip\u00e9s &amp; Locations<\/strong><br \/><span>Billes :<\/span><strong><span>\u00a0<\/span>Impos\u00e9es sur site<\/strong><br \/><span>Sp\u00e9cial :\u00a0<\/span><strong>Sc\u00e9narios sp\u00e9cifiques \u2013 Abonnements<span>\u00a0<\/span><\/strong><span>\u00e0 la saison<\/span><strong><span>\u00a0<\/span>\u2013 Tournoi 1-contre-1<\/strong><span>\u00a0hebdomadaire<\/span><\/p>\n<p>[\/et_pb_text][\/et_pb_column][\/et_pb_row][et_pb_row _builder_version=\u00a0\u00bb4.27.4&Prime; _module_preset=\u00a0\u00bbdefault\u00a0\u00bb global_colors_info=\u00a0\u00bb{}\u00a0\u00bb][et_pb_column type=\u00a0\u00bb4_4&Prime; _builder_version=\u00a0\u00bb4.27.4&Prime; _module_preset=\u00a0\u00bbdefault\u00a0\u00bb global_colors_info=\u00a0\u00bb{}\u00a0\u00bb][et_pb_tabs _builder_version=\u00a0\u00bb4.27.4&Prime; _module_preset=\u00a0\u00bbdefault\u00a0\u00bb custom_padding=\u00a0\u00bb24px|||||\u00a0\u00bb hover_enabled=\u00a0\u00bb0&Prime; global_colors_info=\u00a0\u00bb{}\u00a0\u00bb sticky_enabled=\u00a0\u00bb0&Prime; min_height=\u00a0\u00bb117.8px\u00a0\u00bb custom_margin=\u00a0\u00bb||-3px|||\u00a0\u00bb][et_pb_tab title=\u00a0\u00bbForfait Groupe\u00a0\u00bb _builder_version=\u00a0\u00bb4.27.0&Prime; _module_preset=\u00a0\u00bbdefault\u00a0\u00bb global_colors_info=\u00a0\u00bb{}\u00a0\u00bb]<\/p>\n<p>(entre amis, anniversaires, enterrement de vie de gar\u00e7on, \u2026)<\/p>\n<p>Tous les jours sur r\u00e9servation, \u00e0 partir de 6 personnes. Le groupe est pris en charge par un moniteur Paintball PARK tout au long de la s\u00e9ance. Dur\u00e9e de la s\u00e9ance suivant le forfait choisi.<strong><span>\u00a0<\/span><\/strong>Chez Paintball PARK, le futur mari\u00e9 n\u2019est pas un lapin, c\u2019est un super h\u00e9ros\u2026<\/p>\n<p>&nbsp;<\/p>\n<ul>\n<li><strong>Forfait D\u00e9couverte \u2013 18\u20ac \/ pers <\/strong><em>\u00e0 partir de 6 personnes<\/em> \u00a0<\/li>\n<li><strong style=\"font-size: 14px;\">Forfait L 300 billes \u2013 39\u20ac \/ pers<\/strong><span style=\"font-size: 14px;\">\u00a0<\/span><em>\u00e0 partir de 6 personnes<\/em> \u00a0<\/li>\n<li><strong>Forfait XL 400 billes \u2013 44\u20ac \/ pers <\/strong><em>\u00e0 partir de 6 personnes<\/em><\/li>\n<li><strong>Pack XL + Parcours rouge &#8211; 54\u20ac \/ pers <\/strong><em style=\"font-size: 14px;\">\u00e0 partir de 6 personnes<\/em><\/li>\n<\/ul>\n<p><strong><em>Paintball\u00a0 et pack uniquement sur r\u00e9servation.<\/em><\/strong><em style=\"font-size: 14px;\"><\/em><\/p>\n<p><strong>Tous les Mardis de juillet et aout\u00a0<\/strong><\/p>\n<p>Paintball decouverte de 14h30 \u00e0 17h30<\/p>\n<p><strong>N&rsquo;H\u00c9SITEZ PAS \u00c0 NOUS CONSULTER<\/strong><\/p>\n<p><em style=\"font-size: 14px;\"><\/em><\/p>\n<p>[\/et_pb_tab][et_pb_tab title=\u00a0\u00bbAccrobranche\u00a0\u00bb _builder_version=\u00a0\u00bb4.27.4&Prime; _module_preset=\u00a0\u00bbdefault\u00a0\u00bb hover_enabled=\u00a0\u00bb0&Prime; sticky_enabled=\u00a0\u00bb0&Prime;]<\/p>\n<p>Un des plus grands parcs \u00e0 tyroliennes de la r\u00e9gion (avec 21 tyroliennes \u00e0 la suite).\u200b\u200b\u200b\u200b<\/p>\n<p><strong>PARCOURS JAUNE<\/strong>&#8230;..<span>\u00a0<\/span><strong>10\u00a0\u20ac<\/strong><\/p>\n<p><em><strong>\u200b\u200b\u200b\u200b\u200b\u200b<\/strong>Pour les enfants \u00e0 partir de 90 cm \u00e0 110 cm,<br \/>sous la surveillance des parents.<\/em><\/p>\n<p><strong>PARCOURS VERT &#8230;.. 13 \u20ac<\/strong><\/p>\n<p><em>\u00c0 partir de 110 cm,<br \/>compos\u00e9 de tyroliennes, filets, pont n\u00e9palais &#8230;<\/em><\/p>\n<p><strong>2 PARCOURS BLEU &#8230;..\u00a016 \u20ac<\/strong><\/p>\n<p><em>\u00c0 partir de 125 cm (inclus le parcours vert)<\/em><\/p>\n<p><strong>2 PARCOURS ROUGE &#8230;.. 20 \u20ac<\/strong><\/p>\n<p><em>Une trentaine d&rsquo;ateliers, pour les enfants et les plus grands \u00e0 partir de 130 cm avec en finale la tyrolienne de 110 m\u00e8tres.<br \/>Hauteur maxi du parcours : 16 m\u00e8tres.<\/em><\/p>\n<p><strong>TYRO-PARC &#8230;..\u00a016 \u20ac<\/strong><\/p>\n<p><em>Prenez de la hauteur et venez visiter *par les airs*, l&rsquo;ancienne piste olympique des JO de 68 avec nos 21 tyroliennes successives &#8230; \u00e0 partir de 140 cm.<\/em><\/p>\n<p><strong><em>Pour personnes ayant d\u00e9j\u00e0 pratiqu\u00e9es l&rsquo;accrobranche, pas d&rsquo;\u00e9chappatoire.<\/em><\/strong><\/p>\n<p><strong>L&rsquo;INT\u00c9GRAL\u00a0&#8230;.. 23 \u20ac<\/strong><\/p>\n<p><em>Tyro-parc + parcours rouge \u00e0 partir 140 cm<\/em><\/p>\n<p>[\/et_pb_tab][\/et_pb_tabs][\/et_pb_column][\/et_pb_row][et_pb_row _builder_version=\u00a0\u00bb4.27.0&Prime; _module_preset=\u00a0\u00bbdefault\u00a0\u00bb global_colors_info=\u00a0\u00bb{}\u00a0\u00bb][et_pb_column type=\u00a0\u00bb4_4&Prime; _builder_version=\u00a0\u00bb4.27.0&Prime; _module_preset=\u00a0\u00bbdefault\u00a0\u00bb global_colors_info=\u00a0\u00bb{}\u00a0\u00bb][et_pb_text _builder_version=\u00a0\u00bb4.27.0&Prime; _module_preset=\u00a0\u00bbdefault\u00a0\u00bb global_colors_info=\u00a0\u00bb{}\u00a0\u00bb]<\/p>\n<p><span>Caract\u00e9ristiques du site : ext\u00e9rieur, bois\u00e9, palette, parking, abri-couvert, buvette + barbecue, air 4500 psi<\/span><\/p>\n<p>[\/et_pb_text][\/et_pb_column][\/et_pb_row][et_pb_row _builder_version=\u00a0\u00bb4.27.0&Prime; _module_preset=\u00a0\u00bbdefault\u00a0\u00bb global_colors_info=\u00a0\u00bb{}\u00a0\u00bb][et_pb_column type=\u00a0\u00bb4_4&Prime; _builder_version=\u00a0\u00bb4.27.0&Prime; _module_preset=\u00a0\u00bbdefault\u00a0\u00bb global_colors_info=\u00a0\u00bb{}\u00a0\u00bb][et_pb_text _builder_version=\u00a0\u00bb4.27.0&Prime; _module_preset=\u00a0\u00bbdefault\u00a0\u00bb global_colors_info=\u00a0\u00bb{}\u00a0\u00bb]<\/p>\n<h4>Contact<\/h4>\n<p>Informations et r\u00e9servations :<br \/>Tel :<strong><span>\u00a0<\/span>06 62 43 83 42<\/strong><\/p>\n<p>[\/et_pb_text][\/et_pb_column][\/et_pb_row][\/et_pb_section][et_pb_section fb_built=\u00a0\u00bb1&Prime; _builder_version=\u00a0\u00bb4.27.0&Prime; _module_preset=\u00a0\u00bbdefault\u00a0\u00bb width=\u00a0\u00bb0%\u00a0\u00bb custom_css_free_form=\u00a0\u00bbselector{||  height:0px;||}\u00a0\u00bb locked=\u00a0\u00bboff\u00a0\u00bb global_colors_info=\u00a0\u00bb{}\u00a0\u00bb][et_pb_row _builder_version=\u00a0\u00bb4.27.0&Prime; _module_preset=\u00a0\u00bbdefault\u00a0\u00bb global_colors_info=\u00a0\u00bb{}\u00a0\u00bb][et_pb_column type=\u00a0\u00bb4_4&Prime; _builder_version=\u00a0\u00bb4.27.0&Prime; _module_preset=\u00a0\u00bbdefault\u00a0\u00bb global_colors_info=\u00a0\u00bb{}\u00a0\u00bb][et_pb_button button_url=\u00a0\u00bbhttps:\/\/dev.paintballpark.fr\/?page_id=234&Prime; button_text=\u00a0\u00bbR\u00e9server votre partie\u00a0\u00bb button_alignment=\u00a0\u00bbcenter\u00a0\u00bb _builder_version=\u00a0\u00bb4.27.0&Prime; _module_preset=\u00a0\u00bbdefault\u00a0\u00bb custom_button=\u00a0\u00bbon\u00a0\u00bb button_text_size=\u00a0\u00bb15px\u00a0\u00bb button_text_color=\u00a0\u00bb#000000&Prime; button_bg_color=\u00a0\u00bb#f6d200&Prime; button_border_radius=\u00a0\u00bb52px\u00a0\u00bb button_letter_spacing=\u00a0\u00bb0px\u00a0\u00bb button_font=\u00a0\u00bb|700|||||||\u00a0\u00bb button_icon=\u00a0\u00bb&#x45;||divi||400&Prime; button_icon_color=\u00a0\u00bb#FFFFFF\u00a0\u00bb custom_margin=\u00a0\u00bb0px||0px||false|false\u00a0\u00bb custom_padding=\u00a0\u00bb16px|32px|16px|32px|true|true\u00a0\u00bb button_text_size_tablet=\u00a0\u00bb15px\u00a0\u00bb button_text_size_phone=\u00a0\u00bb14px\u00a0\u00bb button_text_size_last_edited=\u00a0\u00bbon|desktop\u00a0\u00bb custom_css_free_form=\u00a0\u00bbselector {||   position: fixed;||  bottom: 20px; \/* Espace depuis le bas de l&rsquo;\u00e9cran *\/||  right: 20px;  \/* Espace depuis le bord droit de l&rsquo;\u00e9cran *\/||  padding: 10px 20px;||  border-radius: 5px;||  cursor: pointer;||  font-size: 16px;||}\u00a0\u00bb locked=\u00a0\u00bboff\u00a0\u00bb global_colors_info=\u00a0\u00bb{}\u00a0\u00bb button_border_radius__hover=\u00a0\u00bb0px\u00a0\u00bb button_border_radius__hover_enabled=\u00a0\u00bbon|desktop\u00a0\u00bb][\/et_pb_button][\/et_pb_column][\/et_pb_row][\/et_pb_section]<\/p>\n","protected":false},"excerpt":{"rendered":"<p>38 &#8211; Villard de LansLe\u00a0Paintball PARK\u00a0de\u00a0Villard de Lans\u00a0(38 \u2013 Is\u00e8re) est compos\u00e9 d\u2019un\u00a0Wood PARK\u00a0\u2013 for\u00eat am\u00e9nag\u00e9e pour la pratique du Paintball en toute s\u00e9curit\u00e9. Infos : Terrains sp\u00e9cialement am\u00e9nag\u00e9s\u00a0Wood PARK\u00a0\u2013 Infrastructure variable suivant les terrains \u2013\u00a0Moniteurs\u00a0Paintball PARK \u2013 Equipements complet sur place \u2013 Team Building \u2013 Tournoi Loisirs \u2013 Carte d\u2019abonnementNombre de terrains :\u00a01\u00a0(de 4000m\u00b2)Ouverture [&hellip;]<\/p>\n","protected":false},"author":1,"featured_media":0,"parent":0,"menu_order":0,"comment_status":"closed","ping_status":"closed","template":"","meta":{"_et_pb_use_builder":"on","_et_pb_old_content":"","_et_gb_content_width":"","footnotes":""},"class_list":["post-319","page","type-page","status-publish","hentry"],"_links":{"self":[{"href":"https:\/\/www.paintballpark.fr\/index.php?rest_route=\/wp\/v2\/pages\/319","targetHints":{"allow":["GET"]}}],"collection":[{"href":"https:\/\/www.paintballpark.fr\/index.php?rest_route=\/wp\/v2\/pages"}],"about":[{"href":"https:\/\/www.paintballpark.fr\/index.php?rest_route=\/wp\/v2\/types\/page"}],"author":[{"embeddable":true,"href":"https:\/\/www.paintballpark.fr\/index.php?rest_route=\/wp\/v2\/users\/1"}],"replies":[{"embeddable":true,"href":"https:\/\/www.paintballpark.fr\/index.php?rest_route=%2Fwp%2Fv2%2Fcomments&post=319"}],"version-history":[{"count":7,"href":"https:\/\/www.paintballpark.fr\/index.php?rest_route=\/wp\/v2\/pages\/319\/revisions"}],"predecessor-version":[{"id":478,"href":"https:\/\/www.paintballpark.fr\/index.php?rest_route=\/wp\/v2\/pages\/319\/revisions\/478"}],"wp:attachment":[{"href":"https:\/\/www.paintballpark.fr\/index.php?rest_route=%2Fwp%2Fv2%2Fmedia&parent=319"}],"curies":[{"name":"wp","href":"https:\/\/api.w.org\/{rel}","templated":true}]}}